{"id":514,"date":"2022-08-02T16:20:47","date_gmt":"2022-08-02T21:20:47","guid":{"rendered":"https:\/\/asocolfarma.com\/?page_id=514"},"modified":"2022-08-02T16:20:47","modified_gmt":"2022-08-02T21:20:47","slug":"pago-pendiente","status":"publish","type":"page","link":"https:\/\/asocolfarma.com\/en\/pago-pendiente\/","title":{"rendered":"Pago Pendiente"},"content":{"rendered":"<section class=\"wpb-content-wrapper\"><div data-vc-full-width=\"true\" data-vc-full-width-init=\"false\" class=\"vc_row wpb_row vc_row-fluid vc_custom_1631269692249 vc_row-has-fill\"><div class=\"wpb_column vc_column_container vc_col-sm-12\"><div class=\"vc_column-inner vc_custom_1631271007643\"><div class=\"wpb_wrapper\"><h4 style=\"font-size: 42px;line-height: 60px;text-align: center\" class=\"vc_custom_heading\" >Transacci\u00f3n Pendiente<\/h4><\/div><\/div><\/div><\/div><div class=\"vc_row-full-width vc_clearfix\"><\/div><div class=\"vc_row wpb_row vc_row-fluid\"><div class=\"wpb_column vc_column_container vc_col-sm-12\"><div class=\"vc_column-inner\"><div class=\"wpb_wrapper\">\n\t<div class=\"wpb_text_column wpb_content_element\" >\n\t\t<div class=\"wpb_wrapper\">\n\t\t\t<p>Se\u00f1or asociado, su pago ha sido realizado pero se encuentra en proceso de validaci\u00f3n por parte de la plataforma PAYU, pr\u00f3ximamente nos pondremos en contacto con usted.<\/p>\n<p>Gracias por confiar en nosotros.<\/p>\n\n\t\t<\/div>\n\t<\/div>\n<\/div><\/div><\/div><\/div>\n<\/section>","protected":false},"excerpt":{"rendered":"Transacci\u00f3n Pendiente Se\u00f1or asociado, su pago ha sido realizado pero se encuentra en proceso de validaci\u00f3n por parte de la","protected":false},"author":1,"featured_media":0,"parent":0,"menu_order":0,"comment_status":"closed","ping_status":"closed","template":"","meta":{"footnotes":""},"class_list":["post-514","page","type-page","status-publish","hentry"],"_links":{"self":[{"href":"https:\/\/asocolfarma.com\/en\/wp-json\/wp\/v2\/pages\/514","targetHints":{"allow":["GET"]}}],"collection":[{"href":"https:\/\/asocolfarma.com\/en\/wp-json\/wp\/v2\/pages"}],"about":[{"href":"https:\/\/asocolfarma.com\/en\/wp-json\/wp\/v2\/types\/page"}],"author":[{"embeddable":true,"href":"https:\/\/asocolfarma.com\/en\/wp-json\/wp\/v2\/users\/1"}],"replies":[{"embeddable":true,"href":"https:\/\/asocolfarma.com\/en\/wp-json\/wp\/v2\/comments?post=514"}],"version-history":[{"count":0,"href":"https:\/\/asocolfarma.com\/en\/wp-json\/wp\/v2\/pages\/514\/revisions"}],"wp:attachment":[{"href":"https:\/\/asocolfarma.com\/en\/wp-json\/wp\/v2\/media?parent=514"}],"curies":[{"name":"wp","href":"https:\/\/api.w.org\/{rel}","templated":true}]}}