{"id":304,"date":"2021-09-22T10:31:26","date_gmt":"2021-09-22T15:31:26","guid":{"rendered":"https:\/\/asocolfarma.com\/?page_id=304"},"modified":"2021-09-26T08:50:41","modified_gmt":"2021-09-26T13:50:41","slug":"blog","status":"publish","type":"page","link":"https:\/\/asocolfarma.com\/en\/blog\/","title":{"rendered":"Blog"},"content":{"rendered":"<section class=\"wpb-content-wrapper\"><div data-vc-full-width=\"true\" data-vc-full-width-init=\"false\" class=\"vc_row wpb_row vc_row-fluid vc_custom_1631269692249 vc_row-has-fill\"><div class=\"wpb_column vc_column_container vc_col-sm-12\"><div class=\"vc_column-inner vc_custom_1631271007643\"><div class=\"wpb_wrapper\"><h4 style=\"font-size: 42px;line-height: 60px;text-align: center\" class=\"vc_custom_heading\" >Blog<\/h4><\/div><\/div><\/div><\/div><div class=\"vc_row-full-width vc_clearfix\"><\/div><div data-vc-full-width=\"true\" data-vc-full-width-init=\"false\" class=\"vc_row wpb_row vc_row-fluid vc_custom_1631270796840 vc_row-has-fill\"><div class=\"wpb_column vc_column_container vc_col-sm-8\"><div class=\"vc_column-inner vc_custom_1631270933997\"><div class=\"wpb_wrapper\">\t\t\t<link rel=\"stylesheet\" id=\"wd-blog-base-css\" href=\"https:\/\/asocolfarma.com\/wp-content\/themes\/woodmart\/css\/parts\/blog-base.min.css?ver=7.2.5\" type=\"text\/css\" media=\"all\" \/> \t\t\t\t\t\t<link rel=\"stylesheet\" id=\"wd-blog-loop-base-old-css\" href=\"https:\/\/asocolfarma.com\/wp-content\/themes\/woodmart\/css\/parts\/blog-loop-base-old.min.css?ver=7.2.5\" type=\"text\/css\" media=\"all\" \/> \t\t\t\t\t\t<link rel=\"stylesheet\" id=\"wd-blog-loop-design-small-img-chess-css\" href=\"https:\/\/asocolfarma.com\/wp-content\/themes\/woodmart\/css\/parts\/blog-loop-design-smallimg-chess.min.css?ver=7.2.5\" type=\"text\/css\" media=\"all\" \/> \t\t\t<div class=\"wd-blog-holder blog-shortcode  blog-pagination-\" id=\"69d52435e5a70\" data-paged=\"1\" data-atts=\"{&quot;post_type&quot;:&quot;post&quot;,&quot;include&quot;:&quot;&quot;,&quot;custom_query&quot;:&quot;&quot;,&quot;taxonomies&quot;:&quot;&quot;,&quot;pagination&quot;:&quot;&quot;,&quot;parts_media&quot;:true,&quot;parts_title&quot;:&quot;1&quot;,&quot;parts_meta&quot;:&quot;0&quot;,&quot;parts_text&quot;:&quot;1&quot;,&quot;parts_btn&quot;:&quot;1&quot;,&quot;items_per_page&quot;:12,&quot;offset&quot;:&quot;&quot;,&quot;orderby&quot;:&quot;date&quot;,&quot;order&quot;:&quot;DESC&quot;,&quot;meta_key&quot;:&quot;&quot;,&quot;exclude&quot;:&quot;&quot;,&quot;class&quot;:&quot;&quot;,&quot;ajax_page&quot;:&quot;&quot;,&quot;img_size&quot;:&quot;400x250&quot;,&quot;blog_design&quot;:&quot;small-images&quot;,&quot;blog_carousel_design&quot;:&quot;masonry&quot;,&quot;blog_columns&quot;:3,&quot;blog_columns_tablet&quot;:&quot;auto&quot;,&quot;blog_columns_mobile&quot;:&quot;auto&quot;,&quot;blog_spacing&quot;:&quot;20&quot;,&quot;speed&quot;:&quot;5000&quot;,&quot;slides_per_view&quot;:&quot;3&quot;,&quot;slides_per_view_tablet&quot;:&quot;auto&quot;,&quot;slides_per_view_mobile&quot;:&quot;auto&quot;,&quot;wrap&quot;:&quot;&quot;,&quot;autoplay&quot;:&quot;no&quot;,&quot;hide_pagination_control&quot;:&quot;&quot;,&quot;hide_prev_next_buttons&quot;:&quot;&quot;,&quot;lazy_loading&quot;:&quot;no&quot;,&quot;scroll_carousel_init&quot;:&quot;no&quot;,&quot;scroll_per_page&quot;:&quot;yes&quot;,&quot;search&quot;:&quot;&quot;}\" data-source=\"shortcode\">\n<article id=\"post-851\" class=\"blog-design-small-images blog-post-loop blog-style-bg wd-add-shadow post-851 post type-post status-publish format-standard has-post-thumbnail hentry category-tendencias\">\n\t<div class=\"article-inner\">\n\t\t\t\t\t<header class=\"entry-header\">\n\t\t\t\t\t\t\t\t\t\n\t\t\t\t\t<figure id=\"carousel-844\" class=\"entry-thumbnail\" data-owl-carousel data-hide_pagination_control=\"yes\" data-desktop=\"1\" data-tablet=\"1\" data-tablet_landscape=\"1\" data-mobile=\"1\">\n\t\t\t\t\t\t\n\t\t\t\t\t\t\t<div class=\"post-img-wrapp\">\n\t\t\t\t\t\t\t\t<a href=\"https:\/\/asocolfarma.com\/en\/feliz-navidad-y-feliz-ano-2026\/\">\n\t\t\t\t\t\t\t\t\t<img loading=\"lazy\" decoding=\"async\" class=\"attachment-large wp-post-image\" src=\"https:\/\/asocolfarma.com\/wp-content\/uploads\/feliz-2026-400x250.jpeg\" width=\"400\" height=\"250\" alt=\"feliz 2026\" title=\"feliz 2026\" \/>\t\t\t\t\t\t\t\t<\/a>\n\t\t\t\t\t\t\t<\/div>\n\t\t\t\t\t\t\t<div class=\"post-image-mask\">\n\t\t\t\t\t\t\t\t<span><\/span>\n\t\t\t\t\t\t\t<\/div>\n\n\t\t\t\t\t\t\n\t\t\t\t\t<\/figure>\n\t\t\t\t\n\t\t\t\t\t\t\t\t\t\t\t\t<div class=\"post-date wd-post-date wd-style-with-bg\" onclick=\"\">\n\t\t\t\t<span class=\"post-date-day\">\n\t\t\t\t\t18\t\t\t\t<\/span>\n\t\t\t\t<span class=\"post-date-month\">\n\t\t\t\t\tDec\t\t\t\t<\/span>\n\t\t\t<\/div>\n\t\t\t\t\t\t\n\t\t\t<\/header><!-- .entry-header -->\n\n\t\t<div class=\"article-body-container\">\n\t\t\t\n\t\t\t\t\n\t\t\t\t\t\t\t\t\t<h3 class=\"wd-entities-title title post-title\">\n\t\t\t\t\t\t<a href=\"https:\/\/asocolfarma.com\/en\/feliz-navidad-y-feliz-ano-2026\/\" rel=\"bookmark\">FELIZ NAVIDAD Y FELIZ A\u00d1O 2026<\/a>\n\t\t\t\t\t<\/h3>\n\t\t\t\t\n\t\t\t\t\t\t\t\n\t\t\t\t\t\t\t<div class=\"entry-content wd-entry-content\">\n\t\t\t\t\t\r\n\r\n\r\n\r\n\r\n\r\n\r\n\r\nEl final del a\u00f1o nos invita a hacer una pausa consciente, a mirar el camino recorrid...<p class=\"read-more-section\"><a class=\"btn-read-more more-link\" href=\"https:\/\/asocolfarma.com\/en\/feliz-navidad-y-feliz-ano-2026\/\">Continue reading<\/a><\/p>\t\t\t\t\t\t\t\t\t<\/div><!-- .entry-content -->\n\t\t\t\n\t\t\t\n\t\t\t\t\t<\/div>\n\t<\/div>\n<\/article><!-- #post -->\n\n\n\n<article id=\"post-837\" class=\"blog-design-small-images blog-post-loop blog-style-bg wd-add-shadow post-837 post type-post status-publish format-standard has-post-thumbnail hentry category-efemerides category-tendencias\">\n\t<div class=\"article-inner\">\n\t\t\t\t\t<header class=\"entry-header\">\n\t\t\t\t\t\t\t\t\t\n\t\t\t\t\t<figure id=\"carousel-727\" class=\"entry-thumbnail\" data-owl-carousel data-hide_pagination_control=\"yes\" data-desktop=\"1\" data-tablet=\"1\" data-tablet_landscape=\"1\" data-mobile=\"1\">\n\t\t\t\t\t\t\n\t\t\t\t\t\t\t<div class=\"post-img-wrapp\">\n\t\t\t\t\t\t\t\t<a href=\"https:\/\/asocolfarma.com\/en\/3-de-diciembre_dia-del-medico\/\">\n\t\t\t\t\t\t\t\t\t<img loading=\"lazy\" decoding=\"async\" class=\"attachment-large wp-post-image\" src=\"https:\/\/asocolfarma.com\/wp-content\/uploads\/Finlay_Carlos_1833-1915-e1764766633342-280x250.jpg\" width=\"280\" height=\"250\" alt=\"Carlos Finlay 1833-1915\" title=\"Finlay_Carlos_1833-1915\" \/>\t\t\t\t\t\t\t\t<\/a>\n\t\t\t\t\t\t\t<\/div>\n\t\t\t\t\t\t\t<div class=\"post-image-mask\">\n\t\t\t\t\t\t\t\t<span><\/span>\n\t\t\t\t\t\t\t<\/div>\n\n\t\t\t\t\t\t\n\t\t\t\t\t<\/figure>\n\t\t\t\t\n\t\t\t\t\t\t\t\t\t\t\t\t<div class=\"post-date wd-post-date wd-style-with-bg\" onclick=\"\">\n\t\t\t\t<span class=\"post-date-day\">\n\t\t\t\t\t03\t\t\t\t<\/span>\n\t\t\t\t<span class=\"post-date-month\">\n\t\t\t\t\tDec\t\t\t\t<\/span>\n\t\t\t<\/div>\n\t\t\t\t\t\t\n\t\t\t<\/header><!-- .entry-header -->\n\n\t\t<div class=\"article-body-container\">\n\t\t\t\n\t\t\t\t\n\t\t\t\t\t\t\t\t\t<h3 class=\"wd-entities-title title post-title\">\n\t\t\t\t\t\t<a href=\"https:\/\/asocolfarma.com\/en\/3-de-diciembre_dia-del-medico\/\" rel=\"bookmark\">3 DE DICIEMBRE_DIA DEL MEDICO<\/a>\n\t\t\t\t\t<\/h3>\n\t\t\t\t\n\t\t\t\t\t\t\t\n\t\t\t\t\t\t\t<div class=\"entry-content wd-entry-content\">\n\t\t\t\t\tD\u00eda del M\u00e9dico \u2013 Asociaci\u00f3n Colombiana de Farmacolog\u00eda\r\nLa Asociaci\u00f3n Colombiana de Farmacolog\u00eda (AC...<p class=\"read-more-section\"><a class=\"btn-read-more more-link\" href=\"https:\/\/asocolfarma.com\/en\/3-de-diciembre_dia-del-medico\/\">Continue reading<\/a><\/p>\t\t\t\t\t\t\t\t\t<\/div><!-- .entry-content -->\n\t\t\t\n\t\t\t\n\t\t\t\t\t<\/div>\n\t<\/div>\n<\/article><!-- #post -->\n\n\n\n<article id=\"post-829\" class=\"blog-design-small-images blog-post-loop blog-style-bg wd-add-shadow post-829 post type-post status-publish format-standard hentry category-tendencias tag-estancia-hospitalaria tag-interaccion-medicamentosa tag-investigacion tag-mortalidad tag-polifarmacia\">\n\t<div class=\"article-inner\">\n\t\t\t\t\t<header class=\"entry-header\">\n\t\t\t\t\n\t\t\t\t\t\t\t\t\t\t\t\t<div class=\"post-date wd-post-date wd-style-with-bg\" onclick=\"\">\n\t\t\t\t<span class=\"post-date-day\">\n\t\t\t\t\t27\t\t\t\t<\/span>\n\t\t\t\t<span class=\"post-date-month\">\n\t\t\t\t\tNov\t\t\t\t<\/span>\n\t\t\t<\/div>\n\t\t\t\t\t\t\n\t\t\t<\/header><!-- .entry-header -->\n\n\t\t<div class=\"article-body-container\">\n\t\t\t\n\t\t\t\t\n\t\t\t\t\t\t\t\t\t<h3 class=\"wd-entities-title title post-title\">\n\t\t\t\t\t\t<a href=\"https:\/\/asocolfarma.com\/en\/impacto-de-la-deprescripcion-en-las-interacciones-farmacologicas-potenciales-de-riesgo-clinico-mayor-en-tres-unidades-de-cuidados-intensivos\/\" rel=\"bookmark\">Impacto de la deprescripci\u00f3n en las interacciones farmacol\u00f3gicas potenciales de riesgo cl\u00ednico mayor en tres unidades de cuidados intensivos<\/a>\n\t\t\t\t\t<\/h3>\n\t\t\t\t\n\t\t\t\t\t\t\t\n\t\t\t\t\t\t\t<div class=\"entry-content wd-entry-content\">\n\t\t\t\t\tResumen\r\n\r\nObjetivo:\r\nEvaluar el impacto de un programa de deprescripci\u00f3n en el \u00edndice de potenciale...<p class=\"read-more-section\"><a class=\"btn-read-more more-link\" href=\"https:\/\/asocolfarma.com\/en\/impacto-de-la-deprescripcion-en-las-interacciones-farmacologicas-potenciales-de-riesgo-clinico-mayor-en-tres-unidades-de-cuidados-intensivos\/\">Continue reading<\/a><\/p>\t\t\t\t\t\t\t\t\t<\/div><!-- .entry-content -->\n\t\t\t\n\t\t\t\n\t\t\t\t\t<\/div>\n\t<\/div>\n<\/article><!-- #post -->\n\n\n\n<article id=\"post-753\" class=\"blog-design-small-images blog-post-loop blog-style-bg wd-add-shadow post-753 post type-post status-publish format-standard has-post-thumbnail hentry category-noticias category-tendencias tag-comunicado\">\n\t<div class=\"article-inner\">\n\t\t\t\t\t<header class=\"entry-header\">\n\t\t\t\t\t\t\t\t\t\n\t\t\t\t\t<figure id=\"carousel-619\" class=\"entry-thumbnail\" data-owl-carousel data-hide_pagination_control=\"yes\" data-desktop=\"1\" data-tablet=\"1\" data-tablet_landscape=\"1\" data-mobile=\"1\">\n\t\t\t\t\t\t\n\t\t\t\t\t\t\t<div class=\"post-img-wrapp\">\n\t\t\t\t\t\t\t\t<a href=\"https:\/\/asocolfarma.com\/en\/comunicado-a-la-opinion-publica-un-llamado-urgente-a-trabajar-conjuntamente-por-la-seguridad-en-el-uso-de-medicamentos-y-la-aplicacion-inmediata-de-la-ley-del-talento-humano-en-salud\/\">\n\t\t\t\t\t\t\t\t\t<img loading=\"lazy\" decoding=\"async\" class=\"attachment-large wp-post-image\" src=\"https:\/\/asocolfarma.com\/wp-content\/uploads\/sociedades-cientificas--400x250.png\" width=\"400\" height=\"250\" alt=\"sociedades cient\u00edficas\" title=\"scientific societies\" \/>\t\t\t\t\t\t\t\t<\/a>\n\t\t\t\t\t\t\t<\/div>\n\t\t\t\t\t\t\t<div class=\"post-image-mask\">\n\t\t\t\t\t\t\t\t<span><\/span>\n\t\t\t\t\t\t\t<\/div>\n\n\t\t\t\t\t\t\n\t\t\t\t\t<\/figure>\n\t\t\t\t\n\t\t\t\t\t\t\t\t\t\t\t\t<div class=\"post-date wd-post-date wd-style-with-bg\" onclick=\"\">\n\t\t\t\t<span class=\"post-date-day\">\n\t\t\t\t\t26\t\t\t\t<\/span>\n\t\t\t\t<span class=\"post-date-month\">\n\t\t\t\t\tNov\t\t\t\t<\/span>\n\t\t\t<\/div>\n\t\t\t\t\t\t\n\t\t\t<\/header><!-- .entry-header -->\n\n\t\t<div class=\"article-body-container\">\n\t\t\t\n\t\t\t\t\n\t\t\t\t\t\t\t\t\t<h3 class=\"wd-entities-title title post-title\">\n\t\t\t\t\t\t<a href=\"https:\/\/asocolfarma.com\/en\/comunicado-a-la-opinion-publica-un-llamado-urgente-a-trabajar-conjuntamente-por-la-seguridad-en-el-uso-de-medicamentos-y-la-aplicacion-inmediata-de-la-ley-del-talento-humano-en-salud\/\" rel=\"bookmark\">PUBLIC NOTICE: An urgent call to work together for safe medication use and the immediate implementation of the Health Human Talent Law<\/a>\n\t\t\t\t\t<\/h3>\n\t\t\t\t\n\t\t\t\t\t\t\t\n\t\t\t\t\t\t\t<div class=\"entry-content wd-entry-content\">\n\t\t\t\t\t\r\nThe Colombian Association of Pharmacology has endorsed the statement issued in conjunction with other...<p class=\"read-more-section\"><a class=\"btn-read-more more-link\" href=\"https:\/\/asocolfarma.com\/en\/comunicado-a-la-opinion-publica-un-llamado-urgente-a-trabajar-conjuntamente-por-la-seguridad-en-el-uso-de-medicamentos-y-la-aplicacion-inmediata-de-la-ley-del-talento-humano-en-salud\/\">Continue reading<\/a><\/p>\t\t\t\t\t\t\t\t\t<\/div><!-- .entry-content -->\n\t\t\t\n\t\t\t\n\t\t\t\t\t<\/div>\n\t<\/div>\n<\/article><!-- #post -->\n\n\n\n<article id=\"post-813\" class=\"blog-design-small-images blog-post-loop blog-style-bg wd-add-shadow post-813 post type-post status-publish format-standard has-post-thumbnail hentry category-noticias tag-acf tag-junta-directiva\">\n\t<div class=\"article-inner\">\n\t\t\t\t\t<header class=\"entry-header\">\n\t\t\t\t\t\t\t\t\t\n\t\t\t\t\t<figure id=\"carousel-985\" class=\"entry-thumbnail\" data-owl-carousel data-hide_pagination_control=\"yes\" data-desktop=\"1\" data-tablet=\"1\" data-tablet_landscape=\"1\" data-mobile=\"1\">\n\t\t\t\t\t\t\n\t\t\t\t\t\t\t<div class=\"post-img-wrapp\">\n\t\t\t\t\t\t\t\t<a href=\"https:\/\/asocolfarma.com\/en\/nueva-junata-directiva-acf-periodo-2025-2027\/\">\n\t\t\t\t\t\t\t\t\t<img loading=\"lazy\" decoding=\"async\" class=\"attachment-large wp-post-image\" src=\"https:\/\/asocolfarma.com\/wp-content\/uploads\/logo-member-377x250.png\" width=\"377\" height=\"250\" alt=\"\" title=\"\" \/>\t\t\t\t\t\t\t\t<\/a>\n\t\t\t\t\t\t\t<\/div>\n\t\t\t\t\t\t\t<div class=\"post-image-mask\">\n\t\t\t\t\t\t\t\t<span><\/span>\n\t\t\t\t\t\t\t<\/div>\n\n\t\t\t\t\t\t\n\t\t\t\t\t<\/figure>\n\t\t\t\t\n\t\t\t\t\t\t\t\t\t\t\t\t<div class=\"post-date wd-post-date wd-style-with-bg\" onclick=\"\">\n\t\t\t\t<span class=\"post-date-day\">\n\t\t\t\t\t19\t\t\t\t<\/span>\n\t\t\t\t<span class=\"post-date-month\">\n\t\t\t\t\tNov\t\t\t\t<\/span>\n\t\t\t<\/div>\n\t\t\t\t\t\t\n\t\t\t<\/header><!-- .entry-header -->\n\n\t\t<div class=\"article-body-container\">\n\t\t\t\n\t\t\t\t\n\t\t\t\t\t\t\t\t\t<h3 class=\"wd-entities-title title post-title\">\n\t\t\t\t\t\t<a href=\"https:\/\/asocolfarma.com\/en\/nueva-junata-directiva-acf-periodo-2025-2027\/\" rel=\"bookmark\">NUEVA JUNTA DIRECTIVA ACF PERIODO 2025-2027<\/a>\n\t\t\t\t\t<\/h3>\n\t\t\t\t\n\t\t\t\t\t\t\t\n\t\t\t\t\t\t\t<div class=\"entry-content wd-entry-content\">\n\t\t\t\t\tLa Asociaci\u00f3n Colombiana de Farmacolog\u00eda eligi\u00f3 a la nueva junta directiva para el\u00a0 periodo 2025-202...<p class=\"read-more-section\"><a class=\"btn-read-more more-link\" href=\"https:\/\/asocolfarma.com\/en\/nueva-junata-directiva-acf-periodo-2025-2027\/\">Continue reading<\/a><\/p>\t\t\t\t\t\t\t\t\t<\/div><!-- .entry-content -->\n\t\t\t\n\t\t\t\n\t\t\t\t\t<\/div>\n\t<\/div>\n<\/article><!-- #post -->\n\n\n<\/div><\/div><\/div><\/div><div class=\"wpb_column vc_column_container vc_col-sm-4\"><div class=\"vc_column-inner\"><div class=\"wpb_wrapper\"><div  class=\"wpb_widgetised_column wpb_content_element\">\n\t\t<div class=\"wpb_wrapper\">\n\t\t\t\n\t\t\t<div id=\"search-2\" class=\"wd-widget widget sidebar-widget widget_search\">\t\t\t<link rel=\"stylesheet\" id=\"wd-wd-search-form-css\" href=\"https:\/\/asocolfarma.com\/wp-content\/themes\/woodmart\/css\/parts\/wd-search-form.min.css?ver=7.2.5\" type=\"text\/css\" media=\"all\" \/> \t\t\t\t\t\t<div class=\"wd-search-form\">\n\t\t\t\t\n\t\t\t\t\n\t\t\t\t<form role=\"search\" method=\"get\" class=\"searchform  wd-cat-style-bordered\" action=\"https:\/\/asocolfarma.com\/en\/\" data-trp-original-action=\"https:\/\/asocolfarma.com\/en\/\" >\n\t\t\t\t\t<input type=\"text\" class=\"s\" placeholder=\"Search for posts\" value=\"\" name=\"s\" aria-label=\"Search\" title=\"Search for posts\" required>\n\t\t\t\t\t<input type=\"hidden\" name=\"post_type\" value=\"post\">\n\t\t\t\t\t\t\t\t\t\t<button type=\"submit\" class=\"searchsubmit\">\n\t\t\t\t\t\t<span>\n\t\t\t\t\t\t\tSearch\t\t\t\t\t\t<\/span>\n\t\t\t\t\t\t\t\t\t\t\t<\/button>\n\t\t\t\t<input type=\"hidden\" name=\"trp-form-language\" value=\"en\"\/><\/form>\n\n\t\t\t\t\n\t\t\t\t\n\t\t\t\t\n\t\t\t\t\n\t\t\t\t\t\t\t<\/div>\n\t\t<\/div><div id=\"categories-2\" class=\"wd-widget widget sidebar-widget widget_categories\"><h5 class=\"widget-title\">Categories:<\/h5>\n\t\t\t<ul>\n\t\t\t\t\t<li class=\"cat-item cat-item-27\"><a href=\"https:\/\/asocolfarma.com\/en\/category\/efemerides\/\">Efem\u00e9rides<\/a>\n<\/li>\n\t<li class=\"cat-item cat-item-3\"><a href=\"https:\/\/asocolfarma.com\/en\/category\/noticias\/\">News<\/a>\n<\/li>\n\t<li class=\"cat-item cat-item-5\"><a href=\"https:\/\/asocolfarma.com\/en\/category\/tendencias\/\">Trends<\/a>\n<\/li>\n\t\t\t<\/ul>\n\n\t\t\t<\/div>\n\t\t<\/div>\n\t<\/div>\n<\/div><\/div><\/div><\/div><div class=\"vc_row-full-width vc_clearfix\"><\/div>\n<\/section>","protected":false},"excerpt":{"rendered":"La Asociaci\u00f3n Colombiana de Farmacolog\u00eda eligi\u00f3 a la nueva junta directiva para el\u00a0 periodo 2025-2027, el pasado 23 de octubre","protected":false},"author":1,"featured_media":0,"parent":0,"menu_order":0,"comment_status":"closed","ping_status":"closed","template":"","meta":{"footnotes":""},"class_list":["post-304","page","type-page","status-publish","hentry"],"_links":{"self":[{"href":"https:\/\/asocolfarma.com\/en\/wp-json\/wp\/v2\/pages\/304","targetHints":{"allow":["GET"]}}],"collection":[{"href":"https:\/\/asocolfarma.com\/en\/wp-json\/wp\/v2\/pages"}],"about":[{"href":"https:\/\/asocolfarma.com\/en\/wp-json\/wp\/v2\/types\/page"}],"author":[{"embeddable":true,"href":"https:\/\/asocolfarma.com\/en\/wp-json\/wp\/v2\/users\/1"}],"replies":[{"embeddable":true,"href":"https:\/\/asocolfarma.com\/en\/wp-json\/wp\/v2\/comments?post=304"}],"version-history":[{"count":4,"href":"https:\/\/asocolfarma.com\/en\/wp-json\/wp\/v2\/pages\/304\/revisions"}],"predecessor-version":[{"id":309,"href":"https:\/\/asocolfarma.com\/en\/wp-json\/wp\/v2\/pages\/304\/revisions\/309"}],"wp:attachment":[{"href":"https:\/\/asocolfarma.com\/en\/wp-json\/wp\/v2\/media?parent=304"}],"curies":[{"name":"wp","href":"https:\/\/api.w.org\/{rel}","templated":true}]}}